{"id":221,"date":"2014-05-28T13:08:42","date_gmt":"2014-05-28T11:08:42","guid":{"rendered":"http:\/\/www.energiestromu.cz\/?page_id=221"},"modified":"2014-05-28T15:02:57","modified_gmt":"2014-05-28T13:02:57","slug":"keltsky-kalendar-stromu","status":"publish","type":"page","link":"https:\/\/www.energiestromu.cz\/?page_id=221","title":{"rendered":"Keltsk\u00fd kalend\u00e1\u0159 strom\u016f"},"content":{"rendered":"<p style=\"text-align: justify;\">Keltsk\u00fd stromov\u00fd horoskop (dle druidsk\u00e9ho n\u00e1hledu) by n\u00e1s m\u011bl podpo\u0159it v p\u0159ekon\u00e1n\u00ed strachu, a to t\u00edm, \u017ee n\u00e1m pom\u016f\u017ee vzk\u0159\u00edsit vzpom\u00ednku na prapodstatu \u010dlov\u011bka, kter\u00e1 je v n\u00e1s dodnes \u017eiv\u00e1. Podn\u011bcuje n\u00e1s k tomu, abychom se vid\u011bli bez r\u016f\u017eov\u00fdch br\u00fdl\u00ed, abychom bez p\u0159\u00edkras pozn\u00e1vali sv\u016fj skute\u010dn\u00fd charakter a tak definovali p\u0159irozen\u00e9 stanovi\u0161t\u011b sv\u00e9 du\u0161e. V souladu s p\u0159\u00edrodou a okol\u00edm, se sv\u00fdmi siln\u00fdmi a slab\u00fdmi str\u00e1nkami m\u016f\u017eeme sn\u00e1ze \u010delit \u017eivotu a op\u011bt se o trochu p\u0159ibl\u00ed\u017eit sami sob\u011b a splynout s \u0159ekou \u017eivota. Strom je jedine\u010dn\u00fd &#8211; je to unik\u00e1t jako ka\u017ed\u00fd \u010dlov\u011bk: stejn\u011b jako on se podle zm\u00edn\u011bn\u00fdch podm\u00ednek, podle dan\u00fdch \u017eivotn\u00edch p\u0159edpoklad\u016f, vyv\u00edj\u00ed r\u016fzn\u011b. A stejn\u011b jako \u010dlov\u011bk je siln\u011b z\u00e1visl\u00fd na sv\u011btle a slunci. Zn\u00ed to podivn\u011b, ale rozhodn\u011b to nen\u00ed nesmysl: jestli\u017ee se strom zasad\u00ed ve stejnou dobu a na stejn\u00e9m m\u00edst\u011b, jako se narod\u00ed \u010dlov\u011bk, pak se v jejich \u017eivot\u011b daj\u00ed naj\u00edt paralely.<\/p>\n<p>24.12 \u2013 20.01.\u00a0\u00a0\u00a0\u00a0\u00a0\u00a0\u00a0\u00a0\u00a0\u00a0\u00a0\u00a0 m\u011bs\u00edc b\u0159\u00edzy<\/p>\n<p>21.01 \u2013 17.02\u00a0\u00a0\u00a0\u00a0\u00a0\u00a0\u00a0\u00a0\u00a0\u00a0\u00a0\u00a0\u00a0 m\u011bs\u00edc je\u0159\u00e1bu<\/p>\n<p>18.02 \u2013 17.03\u00a0\u00a0\u00a0\u00a0\u00a0\u00a0\u00a0\u00a0\u00a0\u00a0\u00a0\u00a0\u00a0 m\u011bs\u00edc jasanu<\/p>\n<p>18.03 \u2013 14.04\u00a0\u00a0\u00a0\u00a0\u00a0\u00a0\u00a0\u00a0\u00a0\u00a0\u00a0\u00a0\u00a0 m\u011bs\u00edc ol\u0161e<\/p>\n<p>15.04 \u2013 12.05\u00a0\u00a0\u00a0\u00a0\u00a0\u00a0\u00a0\u00a0\u00a0\u00a0\u00a0\u00a0\u00a0 m\u011bs\u00edc vrby<\/p>\n<p>13.05 \u2013 09.06\u00a0\u00a0\u00a0\u00a0\u00a0\u00a0\u00a0\u00a0\u00a0\u00a0\u00a0\u00a0\u00a0 m\u011bs\u00edc hlohu<\/p>\n<p>10.06 \u2013 07.07\u00a0\u00a0\u00a0\u00a0\u00a0\u00a0\u00a0\u00a0\u00a0\u00a0\u00a0\u00a0\u00a0 m\u011bs\u00edc dubu letn\u00edho<\/p>\n<p>08.07 \u2013 04.08\u00a0\u00a0\u00a0\u00a0\u00a0\u00a0\u00a0\u00a0\u00a0\u00a0\u00a0\u00a0\u00a0 m\u011bs\u00edc dubu zimn\u00edho<\/p>\n<p>05.08 \u2013 01.09\u00a0\u00a0\u00a0\u00a0\u00a0\u00a0\u00a0\u00a0\u00a0\u00a0\u00a0\u00a0\u00a0 m\u011bs\u00edc l\u00edsky<\/p>\n<p>02.09 \u2013 29.09\u00a0\u00a0\u00a0\u00a0\u00a0\u00a0\u00a0\u00a0\u00a0\u00a0\u00a0\u00a0\u00a0 m\u011bs\u00edc vinn\u00e9 r\u00e9vy<\/p>\n<p>30.09 \u2013 27.10\u00a0\u00a0\u00a0\u00a0\u00a0\u00a0\u00a0\u00a0\u00a0\u00a0\u00a0\u00a0\u00a0 m\u011bs\u00edc b\u0159e\u010d\u0165anu<\/p>\n<p>28.10 \u2013 24.11\u00a0\u00a0\u00a0\u00a0\u00a0\u00a0\u00a0\u00a0\u00a0\u00a0\u00a0\u00a0\u00a0 m\u011bs\u00edc trnky<\/p>\n<p>25.11 \u2013 22.12\u00a0\u00a0\u00a0\u00a0\u00a0\u00a0\u00a0\u00a0\u00a0\u00a0\u00a0\u00a0\u00a0 m\u011bs\u00edc \u010dern\u00e9ho bezu<\/p>\n<p><span style=\"color: #008000; text-decoration: underline;\"><strong>Noci slunovratu a rovnodennosti (dle keltsk\u00e9 kultury)<\/strong> <\/span><\/p>\n<p>Noc b\u00edl\u00e9 jedle\u00a0\u00a0 \u00a0\u00a0\u00a0\u00a0\u00a0 21.12<\/p>\n<p>Noc hlod\u00e1\u0161e\u00a0\u00a0 \u00a0\u00a0\u00a0\u00a0\u00a0\u00a0\u00a0 21.03<\/p>\n<p>Noc v\u0159esu\u00a0\u00a0 \u00a0\u00a0\u00a0\u00a0\u00a0\u00a0\u00a0\u00a0\u00a0\u00a0 21.06<\/p>\n<p>Noc b\u00edl\u00e9ho topolu\u00a0\u00a0 \u00a023.09<\/p>\n","protected":false},"excerpt":{"rendered":"<p>Keltsk\u00fd stromov\u00fd horoskop (dle druidsk\u00e9ho n\u00e1hledu) by n\u00e1s m\u011bl podpo\u0159it v p\u0159ekon\u00e1n\u00ed strachu, a to t\u00edm, \u017ee n\u00e1m pom\u016f\u017ee vzk\u0159\u00edsit vzpom\u00ednku na prapodstatu \u010dlov\u011bka, kter\u00e1 je v n\u00e1s dodnes \u017eiv\u00e1. Podn\u011bcuje n\u00e1s k tomu, abychom se vid\u011bli bez r\u016f\u017eov\u00fdch br\u00fdl\u00ed, abychom bez p\u0159\u00edkras pozn\u00e1vali sv\u016fj skute\u010dn\u00fd charakter a tak definovali p\u0159irozen\u00e9 stanovi\u0161t\u011b sv\u00e9 du\u0161e. V [&hellip;]<\/p>\n","protected":false},"author":1,"featured_media":0,"parent":18,"menu_order":0,"comment_status":"closed","ping_status":"closed","template":"page-full-width.php","meta":[],"_links":{"self":[{"href":"https:\/\/www.energiestromu.cz\/index.php?rest_route=\/wp\/v2\/pages\/221"}],"collection":[{"href":"https:\/\/www.energiestromu.cz\/index.php?rest_route=\/wp\/v2\/pages"}],"about":[{"href":"https:\/\/www.energiestromu.cz\/index.php?rest_route=\/wp\/v2\/types\/page"}],"author":[{"embeddable":true,"href":"https:\/\/www.energiestromu.cz\/index.php?rest_route=\/wp\/v2\/users\/1"}],"replies":[{"embeddable":true,"href":"https:\/\/www.energiestromu.cz\/index.php?rest_route=%2Fwp%2Fv2%2Fcomments&post=221"}],"version-history":[{"count":3,"href":"https:\/\/www.energiestromu.cz\/index.php?rest_route=\/wp\/v2\/pages\/221\/revisions"}],"predecessor-version":[{"id":267,"href":"https:\/\/www.energiestromu.cz\/index.php?rest_route=\/wp\/v2\/pages\/221\/revisions\/267"}],"up":[{"embeddable":true,"href":"https:\/\/www.energiestromu.cz\/index.php?rest_route=\/wp\/v2\/pages\/18"}],"wp:attachment":[{"href":"https:\/\/www.energiestromu.cz\/index.php?rest_route=%2Fwp%2Fv2%2Fmedia&parent=221"}],"curies":[{"name":"wp","href":"https:\/\/api.w.org\/{rel}","templated":true}]}}