{"id":219,"date":"2014-05-28T13:07:47","date_gmt":"2014-05-28T11:07:47","guid":{"rendered":"http:\/\/www.energiestromu.cz\/?page_id=219"},"modified":"2014-05-28T13:07:47","modified_gmt":"2014-05-28T11:07:47","slug":"stromy-podle-zverokruhu","status":"publish","type":"page","link":"https:\/\/www.energiestromu.cz\/?page_id=219","title":{"rendered":"Stromy podle zv\u011brokruhu"},"content":{"rendered":"<p>Vodn\u00e1\u0159\u00a0\u00a0 \u00a0&#8211; borovice, javor, topol<\/p>\n<p>Ryby\u00a0\u00a0 \u00a0\u00a0\u00a0 \u00a0&#8211; l\u00edpa, vrba, javor, jasan<\/p>\n<p>Beran\u00a0\u00a0 \u00a0\u00a0\u00a0 \u00a0&#8211; dub, ak\u00e1t, ol\u0161e, t\u00faje<\/p>\n<p>B\u00fdk\u00a0\u00a0 \u00a0\u00a0\u00a0 \u00a0&#8211; jilm, o\u0159e\u0161\u00e1k, topol, tis<\/p>\n<p>Bl\u00ed\u017eenci\u00a0\u00a0 \u00a0&#8211; jasan, ka\u0161tan, borovice, habr<\/p>\n<p>Rak\u00a0\u00a0 \u00a0\u00a0\u00a0 \u00a0&#8211; b\u0159\u00edza, jablo\u0148, ol\u0161e<\/p>\n<p>Lev\u00a0\u00a0 \u00a0\u00a0\u00a0 \u00a0&#8211; topol, \u0161vestka, borovice, jilm<\/p>\n<p>Panna\u00a0\u00a0 \u00a0\u00a0\u00a0 \u00a0&#8211; vrba, l\u00edpa, smrk, ol\u0161e<\/p>\n<p>V\u00e1hy\u00a0\u00a0 \u00a0\u00a0\u00a0 \u00a0&#8211; o\u0159e\u0161\u00e1k, ol\u0161e, mod\u0159\u00edn, jilm<\/p>\n<p>\u0160t\u00edr\u00a0\u00a0 \u00a0\u00a0\u00a0 \u00a0&#8211; ka\u0161tan, hru\u0161e\u0148, o\u0159e\u0161\u00e1k, t\u0159e\u0161e\u0148<\/p>\n<p>St\u0159elec\u00a0\u00a0 \u00a0&#8211; habr, buk, mod\u0159\u00edn, jasan<\/p>\n<p>Kozoroh\u00a0\u00a0 \u00a0\u2013 buk, jablo\u0148, b\u0159\u00edza, jilm<\/p>\n","protected":false},"excerpt":{"rendered":"<p>Vodn\u00e1\u0159\u00a0\u00a0 \u00a0&#8211; borovice, javor, topol Ryby\u00a0\u00a0 \u00a0\u00a0\u00a0 \u00a0&#8211; l\u00edpa, vrba, javor, jasan Beran\u00a0\u00a0 \u00a0\u00a0\u00a0 \u00a0&#8211; dub, ak\u00e1t, ol\u0161e, t\u00faje B\u00fdk\u00a0\u00a0 \u00a0\u00a0\u00a0 \u00a0&#8211; jilm, o\u0159e\u0161\u00e1k, topol, tis Bl\u00ed\u017eenci\u00a0\u00a0 \u00a0&#8211; jasan, ka\u0161tan, borovice, habr Rak\u00a0\u00a0 \u00a0\u00a0\u00a0 \u00a0&#8211; b\u0159\u00edza, jablo\u0148, ol\u0161e Lev\u00a0\u00a0 \u00a0\u00a0\u00a0 \u00a0&#8211; topol, \u0161vestka, borovice, jilm Panna\u00a0\u00a0 \u00a0\u00a0\u00a0 \u00a0&#8211; vrba, l\u00edpa, smrk, ol\u0161e V\u00e1hy\u00a0\u00a0 \u00a0\u00a0\u00a0 \u00a0&#8211; [&hellip;]<\/p>\n","protected":false},"author":1,"featured_media":0,"parent":18,"menu_order":0,"comment_status":"closed","ping_status":"closed","template":"page-full-width.php","meta":[],"_links":{"self":[{"href":"https:\/\/www.energiestromu.cz\/index.php?rest_route=\/wp\/v2\/pages\/219"}],"collection":[{"href":"https:\/\/www.energiestromu.cz\/index.php?rest_route=\/wp\/v2\/pages"}],"about":[{"href":"https:\/\/www.energiestromu.cz\/index.php?rest_route=\/wp\/v2\/types\/page"}],"author":[{"embeddable":true,"href":"https:\/\/www.energiestromu.cz\/index.php?rest_route=\/wp\/v2\/users\/1"}],"replies":[{"embeddable":true,"href":"https:\/\/www.energiestromu.cz\/index.php?rest_route=%2Fwp%2Fv2%2Fcomments&post=219"}],"version-history":[{"count":1,"href":"https:\/\/www.energiestromu.cz\/index.php?rest_route=\/wp\/v2\/pages\/219\/revisions"}],"predecessor-version":[{"id":220,"href":"https:\/\/www.energiestromu.cz\/index.php?rest_route=\/wp\/v2\/pages\/219\/revisions\/220"}],"up":[{"embeddable":true,"href":"https:\/\/www.energiestromu.cz\/index.php?rest_route=\/wp\/v2\/pages\/18"}],"wp:attachment":[{"href":"https:\/\/www.energiestromu.cz\/index.php?rest_route=%2Fwp%2Fv2%2Fmedia&parent=219"}],"curies":[{"name":"wp","href":"https:\/\/api.w.org\/{rel}","templated":true}]}}