{"id":210,"date":"2014-05-28T12:58:23","date_gmt":"2014-05-28T10:58:23","guid":{"rendered":"http:\/\/www.energiestromu.cz\/?page_id=210"},"modified":"2014-05-28T12:58:23","modified_gmt":"2014-05-28T10:58:23","slug":"vrba","status":"publish","type":"page","link":"https:\/\/www.energiestromu.cz\/?page_id=210","title":{"rendered":"Vrba"},"content":{"rendered":"<p style=\"text-align: justify;\">Vrba m\u00e1 jednu unik\u00e1tn\u00ed schopnost, na kterou je pot\u0159eba si d\u00e1t pozor. Jej\u00ed energie m\u00ed\u0159\u00ed p\u0159\u00edmo na srdce bytosti, a n\u00e1sob\u00ed ve v\u00e1s city, kter\u00e9 v\u00a0sob\u011b zrovna v\u00a0tu chv\u00edli m\u00e1te !! Jestli\u017ee budete p\u0159istupovat k\u00a0vrb\u011b pro energii, nikdy to ned\u011blejte ve zlob\u011b !!! Mohlo by v\u00e1s to zni\u010dit. Vrba je jen odrazem, zrcadlem. M\u00e1 tak dobrou du\u0161i, \u017ee je t\u011b\u017ek\u00e9 to pochopit. Ostatn\u00ed du\u0161evn\u00ed stavy jako nap\u0159. smutek, \u017eal, \u0161t\u011bst\u00ed, atd, nejsou nebezpe\u010dn\u00e9. Vrba m\u00e1 dobrou energii pro l\u00e9\u010den\u00ed \u201evodn\u00edch org\u00e1n\u016f\u201c v\u00a0na\u0161em t\u011ble. Kdo trp\u00ed pot\u00ed\u017eemi ledvin, mo\u010dov\u00e9ho m\u011bch\u00fd\u0159e \u010di \u017ealudku, m\u016f\u017ee vrba pomoci. Celkov\u011b je dobr\u00e1 na za\u017e\u00edvac\u00ed pot\u00ed\u017ee a tlust\u00e9 st\u0159evo. Kdo t\u00edmto trp\u00ed, m\u011bl by ur\u010dit\u011b vyu\u017e\u00edvat hojn\u011b tuto energii. T\u00e9\u017e je u\u017e z\u00a0hlouby na\u0161\u00ed existence prok\u00e1zan\u00e9, \u017ee vrba je dobr\u00fdm psychiatrem. Tr\u00e1p\u00ed v\u00e1s nap\u0159\u00edklad deprese ? Nebo t\u0159eba nevid\u00edte ve sv\u00e9m \u017eivot\u011b \u017e\u00e1dn\u00fd smysl ? B\u011b\u017ete za vrbou, a \u010derpejte jej\u00ed energii. \u201eSv\u011b\u0159te se j\u00ed\u201c sv\u00fdm vnit\u0159n\u00edm citem a ona v\u00e1m bude naslouchat. Poproste ji o pomoc a ona v\u00e1m pom\u016f\u017ee. Probud\u00ed ve v\u00e1s ozdravn\u00fd du\u0161evn\u00ed proces, a pln\u011b v\u00e1m nahrad\u00ed sezen\u00ed u psychiatra. Vrba m\u00e1 unik\u00e1tn\u00ed schopnost pronikat a\u017e na dno lidsk\u00e9 du\u0161e, a vyjev\u00ed v\u00e1m i to netu\u0161en\u00e9 a nep\u0159iznan\u00e9, co v\u00a0sob\u011b m\u00e1te. Pom\u016f\u017ee v\u00e1m s\u00a0t\u00edm. U mnoha lid\u00ed vrba vyvol\u00e1v\u00e1 pocit smutku a zoufalstv\u00ed, ale nenechte se zm\u00e1st t\u00edmto pocitem. Je to jen jej\u00ed obrovsk\u00e1 pokora, a hlubokost jej\u00ed moudrosti, ve kter\u00e9 se ztr\u00e1c\u00edme. M\u016f\u017ee ve v\u00e1s rozv\u00edjet schopnost naz\u00edr\u00e1n\u00ed do budoucnosti, a ochra\u0148ovat v\u00e1s p\u0159ed zl\u00fdmi vlivy. D\u00e1 v\u00e1m sv\u011b\u017eest, klid a m\u00edr. Moudrost a inspiraci.<\/p>\n<p style=\"text-align: justify;\">Vrba je jeden ze sedmi posv\u00e1tn\u00fdch strom\u016f mystick\u00e9ho Irska. Pokud chcete, aby se v\u00e1m splnilo tajn\u00e9 p\u0159\u00e1n\u00ed, jd\u011bte k vrb\u011b, uva\u017ete na n\u00ed uzl\u00edk a p\u0159itom od\u0159\u00edkejte, co si p\u0159ejete. Kdy\u017e se va\u0161e p\u0159\u00e1n\u00ed spln\u00ed, vra\u0165te se k vrb\u011b a uzl\u00edk rozva\u017ete. A pozor, nezapome\u0148te vrb\u011b pod\u011bkovat a samoz\u0159ejm\u011b ji nechat d\u00e1rek !!<\/p>\n<p style=\"text-align: justify;\">Bylinn\u00e9 \u00fa\u010dinky :<\/p>\n<p style=\"text-align: justify;\">K\u016fra vrby obsahuje jednu z\u00a0velmi d\u016fle\u017eit\u00fdch l\u00e1tek \u2013 Salicin. Salicin je glykosid, kter\u00fd je z\u00e1kladem pro v\u00fdrobu aspirinu. Z\u00a0jej\u00ed k\u016fry se p\u0159ipravuje odvar, kter\u00fd m\u016f\u017eeme pou\u017e\u00edvat jak vnit\u0159n\u011b tak na vn\u011bj\u0161\u00ed pot\u00ed\u017ee. K\u016fra vrby je tedy takov\u00fdm p\u0159\u00edrodn\u00edm aspirinem. Vnit\u0159n\u011b p\u016fsob\u00ed proti bolestem a hore\u010dce, z\u00e1rove\u0148 dok\u00e1\u017ee hubit n\u011bkter\u00e9 mikroorganismy, jako\u017eto p\u016fvodce infek\u010dn\u00edch chorob. Tlum\u00ed bolesti posti\u017een\u00fdch kloub\u016f a tk\u00e1n\u00ed, ale funguje i protiz\u00e1n\u011btliv\u011b. Je dobr\u00e1 na nemoci z nachlazen\u00ed, spojen\u00fdch s vysokou teplotou, bolestmi hlavy, ka\u0161lem a r\u00fdmou, p\u0159i ch\u0159ipce, ang\u00edn\u011b.D\u00edky sv\u00e9mu dezinfek\u010dn\u00edmu \u00fa\u010dinku p\u016fsob\u00ed a p\u0159i pr\u016fjmech a katarech v za\u017e\u00edvac\u00edm \u00fastroj\u00ed. Pom\u00e1h\u00e1 tak\u00e9 v\u00a0p\u0159\u00edpadech revmatu a dny. Protiz\u00e1n\u011btliv\u00fd a antiseptick\u00fd \u00fa\u010dinek se uplat\u0148uje p\u0159i hnisav\u00fdch a \u0161patn\u011b se hoj\u00edc\u00edch ran\u00e1ch, bol\u00e1c\u00edch apod. L\u00e9\u010d\u00ed i pl\u00eds\u0148ov\u00e9 (mykotick\u00e9) infekce k\u016f\u017ee. D\u0159\u00edve vrbov\u00e1 k\u016fra \u010dasto slou\u017eila jako prvn\u00ed pomoc p\u0159i poran\u011bn\u00ed v p\u0159\u00edrod\u011b, kdy se drcen\u00e1 aplikovala p\u0159\u00edmo na r\u00e1nu jako dezinfekce, podobn\u011b funguj\u00ed i rozma\u010dkan\u00e9 listy vrby. Odvar z k\u016fry m\u016f\u017eeme nasadit i v boji proti lup\u016fm. Odvar t\u00e9\u017e m\u016f\u017eeme aplikovat na k\u016f\u017ei k\u00a0pot\u00edr\u00e1n\u00ed akn\u00e9, jako ple\u0165ovou vodu.<\/p>\n","protected":false},"excerpt":{"rendered":"<p>Vrba m\u00e1 jednu unik\u00e1tn\u00ed schopnost, na kterou je pot\u0159eba si d\u00e1t pozor. Jej\u00ed energie m\u00ed\u0159\u00ed p\u0159\u00edmo na srdce bytosti, a n\u00e1sob\u00ed ve v\u00e1s city, kter\u00e9 v\u00a0sob\u011b zrovna v\u00a0tu chv\u00edli m\u00e1te !! Jestli\u017ee budete p\u0159istupovat k\u00a0vrb\u011b pro energii, nikdy to ned\u011blejte ve zlob\u011b !!! Mohlo by v\u00e1s to zni\u010dit. Vrba je jen odrazem, zrcadlem. M\u00e1 tak [&hellip;]<\/p>\n","protected":false},"author":1,"featured_media":0,"parent":24,"menu_order":0,"comment_status":"closed","ping_status":"closed","template":"page-full-width.php","meta":[],"_links":{"self":[{"href":"https:\/\/www.energiestromu.cz\/index.php?rest_route=\/wp\/v2\/pages\/210"}],"collection":[{"href":"https:\/\/www.energiestromu.cz\/index.php?rest_route=\/wp\/v2\/pages"}],"about":[{"href":"https:\/\/www.energiestromu.cz\/index.php?rest_route=\/wp\/v2\/types\/page"}],"author":[{"embeddable":true,"href":"https:\/\/www.energiestromu.cz\/index.php?rest_route=\/wp\/v2\/users\/1"}],"replies":[{"embeddable":true,"href":"https:\/\/www.energiestromu.cz\/index.php?rest_route=%2Fwp%2Fv2%2Fcomments&post=210"}],"version-history":[{"count":1,"href":"https:\/\/www.energiestromu.cz\/index.php?rest_route=\/wp\/v2\/pages\/210\/revisions"}],"predecessor-version":[{"id":211,"href":"https:\/\/www.energiestromu.cz\/index.php?rest_route=\/wp\/v2\/pages\/210\/revisions\/211"}],"up":[{"embeddable":true,"href":"https:\/\/www.energiestromu.cz\/index.php?rest_route=\/wp\/v2\/pages\/24"}],"wp:attachment":[{"href":"https:\/\/www.energiestromu.cz\/index.php?rest_route=%2Fwp%2Fv2%2Fmedia&parent=210"}],"curies":[{"name":"wp","href":"https:\/\/api.w.org\/{rel}","templated":true}]}}