{"id":20,"date":"2014-05-25T20:49:24","date_gmt":"2014-05-25T18:49:24","guid":{"rendered":"http:\/\/www.energiestromu.cz\/?page_id=20"},"modified":"2014-05-28T15:48:44","modified_gmt":"2014-05-28T13:48:44","slug":"energie","status":"publish","type":"page","link":"https:\/\/www.energiestromu.cz\/?page_id=20","title":{"rendered":"Energie kolem n\u00e1s"},"content":{"rendered":"<p>Historie energetick\u00fdch cvi\u010den\u00ed<\/p>\n<p style=\"text-align: justify;\">Vznik energetick\u00fdch cvi\u010den\u00ed ( \u010d\u00ednsky qigong ) m\u00e1 opravdu tis\u00edciletou tradici. By\u0165 zde uv\u00e1d\u00edm \u010d\u00ednsk\u00fd n\u00e1zev Qigong, mus\u00edm zm\u00ednit, \u017ee to ov\u0161em nebyla jen v\u00fdsada v\u00fdchodn\u00edch kultur. Pr\u00e1ci s\u00a0energiemi v\u00edce \u010di m\u00e9n\u011b vyu\u017e\u00edvali t\u00e9m\u011b\u0159 v\u0161echny n\u00e1rody sv\u011bta. Od amazonsk\u00fdch indi\u00e1n\u016f, p\u0159es \u0161amany, indi\u00e1ny severn\u00ed Ameriky ( Inkov\u00e9, Azt\u00e9kov\u00e9, \u0160o\u0161oni, Navajov\u00e9, Lakotov\u00e9, \u0160\u00f3niov\u00e9, Ottawov\u00e9 a mnoh\u00e9 dal\u0161\u00ed kmeny ) a dal\u0161\u00ed p\u0159\u00edrodn\u00ed n\u00e1rody severu, Keltov\u00e9 ( a p\u0159edev\u0161\u00edm Druidi ), Germ\u00e1ni, Slovan\u00e9, \u0158ekov\u00e9, \u0158\u00edman\u00e9, na jihu a na v\u00fdchod\u011b, Africk\u00e9 kmeny a n\u00e1rody, obyvatel\u00e9 Austr\u00e1lie, na Nov\u00e9m Z\u00e9land\u011b Maorov\u00e9, Filip\u00ednci, Mongolov\u00e9, Tibe\u0165an\u00e9, Nep\u00e1lci, Vietnamci, Korejci, Indov\u00e9, Japonci, \u010c\u00ed\u0148an\u00e9\u2026 V\u00fd\u010det by byl opravdu dlouh\u00fd. U\u017e jen v\u00fd\u010det t\u011bchto kultur nazna\u010duje, \u017ee to nen\u00ed jen \u201en\u011bjak\u00e1 utopie\u201c n\u011bjak\u00fdch bl\u00e1zn\u016f, ale seri\u00f3zn\u00ed pou\u017eiteln\u00fd prost\u0159edek k\u00a0seberozvoji, a\u0165 u\u017e po du\u0161evn\u00ed nebo fyzick\u00e9 str\u00e1nce \u010dlov\u011bka.<\/p>\n<p style=\"text-align: justify;\">\u010c\u00edna, kter\u00e1 v\u00a0tomto oboru hr\u00e1la opravdu nejv\u00fdznamn\u011bj\u0161\u00ed roli, dok\u00e1zala tyto principy p\u0159iv\u00e9st k\u00a0dokonalosti, a p\u0159edev\u0161\u00edm dok\u00e1zala vyt\u011b\u017eit z\u00a0dlouhodob\u00e9ho studia p\u0159\u00edrody a p\u0159\u00edrodn\u00edch z\u00e1konitost\u00ed. Hr\u00e1la i neocenitelnou roli v\u00a0rozvoji komplexn\u00edho p\u0159\u00edstupu k\u00a0\u010dlov\u011bku z\u00a0hlediska medic\u00ednsk\u00e9ho, a brala \u010dlov\u011bka jako sou\u010d\u00e1st velk\u00e9ho vesm\u00edrn\u00e9ho celku. Na t\u011bchto principech vznikla nap\u0159\u00edklad v\u0161em zn\u00e1m\u00e1 akupunktura, kter\u00e1 je star\u00e1 u\u017e p\u0159es osm tis\u00edc let ( dle nalezen\u00fdch star\u00fdch akupunkturn\u00edch jehel ). Na platform\u011b akupunktury za\u010dal samoz\u0159ejm\u011b vznikat i syst\u00e9m pr\u00e1ce s\u00a0energi\u00ed, jeliko\u017e sama akupunktura l\u00e9\u010d\u00ed pr\u00e1v\u011b t\u00edmto syst\u00e9mem &#8211; vyrovn\u00e1n\u00ed energetick\u00fdch disbalanc\u00ed v\u00a0t\u011ble \u010dlov\u011bka. Historick\u00e9 z\u00e1znamy, kter\u00e9 se t\u00fdkaj\u00ed p\u0159\u00edmo pr\u00e1ce s\u00a0energi\u00ed a jej\u00ed manipulace ( nepo\u010d\u00edtejme akupunkturu ), jsou star\u00e9 p\u0159es 3000 let. Pojmy energi\u00ed v\u00a0t\u011ble \u010dlov\u011bka a mimo n\u011bj, byly zn\u00e1m\u00e9 u\u017e v\u00a0dob\u011b vzniku knihy \u201eI-\u0165ing\u201c nebo-li \u201ekniha prom\u011bn\u201c pr\u00e1v\u011b z\u00a0doby tis\u00edc let p\u0159ed Kristem. U\u017e v\u00a0t\u00e9 dob\u011b lid\u00e9 za\u010dali vyu\u017e\u00edvat energi\u00ed k\u00a0sebel\u00e9\u010db\u011b, a k seberozvoji. Od t\u00e9 doby se rozvinulo p\u0159es tis\u00edc druh\u016f energetick\u00fdch cvi\u010den\u00ed, kter\u00e9 dnes zn\u00e1me. Prvn\u00ed p\u00edsemn\u00e9 zm\u00ednky o konkr\u00e9tn\u00edch dechov\u00fdch a energetick\u00fdch cvi\u010den\u00ed, kter\u00e9 se naz\u00fdvaly Tao-jin, jsou v\u00a0knize <em>Chuanng-ti nej-ting Su <\/em>wen \u0165iao-\u0161 ( z\u00e1kladn\u00ed ot\u00e1zky vnit\u0159n\u00ed knihy \u017dlut\u00e9ho C\u00edsa\u0159e ) star\u00e9 p\u0159es 2.000 let.<\/p>\n<p style=\"text-align: justify;\"><a href=\"http:\/\/www.energiestromu.cz\/wp-content\/uploads\/2014\/05\/acupoint.jpg\"><img decoding=\"async\" loading=\"lazy\" class=\"aligncenter wp-image-282 size-full\" src=\"http:\/\/www.energiestromu.cz\/wp-content\/uploads\/2014\/05\/acupoint.jpg\" alt=\"acupoint\" width=\"211\" height=\"300\" \/><\/a><\/p>\n<p style=\"text-align: center;\">\u00a0\u00a0 obr\u00e1zek zn\u00e1zor\u0148uj\u00edc\u00ed energetick\u00e9 dr\u00e1hy t\u011bla<\/p>\n<p style=\"text-align: justify;\">Mezi nejv\u00fdznamn\u011bj\u0161\u00ed n\u00e1lezy sou\u010dasnosti v\u00a0oblasti t\u011blesn\u00fdch a energetick\u00fdch dechov\u00fdch cvi\u010den\u00ed, bezesporu pat\u0159\u00ed \u201ehedv\u00e1bn\u00e9 svitky\u201c objeven\u00e9 v\u00a0hrobk\u00e1ch z\u00a0obdob\u00ed dynastie Z\u00e1padn\u00ed Chan ( 206 let p\u0159. Kr. \u2013 24 let po Kr. ), kter\u00e9 zobrazuj\u00ed \u017eeny i mu\u017ee v\u00a0rozli\u010dn\u00fdch cvi\u010debn\u00edch pozic\u00edch. O \u201eWej-\u010dchi\u201c nebo-li \u201eochrann\u00e9 energii\u201c se tak\u00e9 zmi\u0148uje \u010cchao Juan-fang, l\u00e9ka\u0159 poch\u00e1zej\u00edc\u00ed z\u00a0dynastie Suej ( 581 a\u017e 682 ), kde popisuje, jak se \u010dlov\u011bk m\u016f\u017ee l\u00e9\u010dit pomoc\u00ed uvoln\u011bn\u00e9 energie nebo p\u0159ij\u00edm\u00e1n\u00ed energie pomoc\u00ed dlan\u00ed.<\/p>\n<p style=\"text-align: justify;\"><a href=\"http:\/\/www.energiestromu.cz\/wp-content\/uploads\/2014\/05\/Qi.png\"><img decoding=\"async\" loading=\"lazy\" class=\"aligncenter wp-image-284 size-full\" src=\"http:\/\/www.energiestromu.cz\/wp-content\/uploads\/2014\/05\/Qi.png\" alt=\"Qi\" width=\"200\" height=\"263\" \/><\/a><\/p>\n<p style=\"text-align: center;\">\u010d\u00ednsk\u00fd znak pro &#8222;\u010dchi&#8220;-energii, kaligrafie<\/p>\n<p style=\"text-align: justify;\">\u00a0\u00a0 A nakonec je\u0161t\u011b r\u00e1d zm\u00edn\u00edm v\u0161em dob\u0159e zn\u00e1mou j\u00f3gu, kter\u00e1 poch\u00e1z\u00ed s\u00a0Indie. J\u00f3ga ( je star\u00e1 t\u00e9\u017e p\u0159es 8.000 let ) rozvinula podobn\u00fd zp\u016fsob pr\u00e1ce s\u00a0energi\u00ed v\u00a0podob\u011b dechov\u00fdch cvi\u010den\u00ed \u201ePr\u00e1najama\u201c. Prvn\u00ed zm\u00ednky o t\u011bchto cvi\u010den\u00edch jsou ji\u017e v\u00a0Bhagavadg\u00edt\u011b, kde jsou pops\u00e1ny 4 hlavn\u00ed syst\u00e9my j\u00f3gy. Samotn\u00e9 slovo Pr\u00e1najama, je slo\u017eeno ze dvou sanskrtsk\u00fdch slov, kdy \u201epr\u00e1na\u201c m\u00e1 t\u0159i v\u00fdznamy \u2013 dech, energie a \u017eivot, a \u201ejama\u201c je kontrola nebo taky ovl\u00e1d\u00e1n\u00ed. Syst\u00e9m pr\u00e1najamy je pr\u00e1ce s\u00a0energi\u00ed dechu a jeho p\u0159\u00edm\u00fdm ovliv\u0148ov\u00e1n\u00edm t\u011blesn\u00fdch funkc\u00ed v\u00a0t\u011ble \u010dlov\u011bka. T\u00e9\u017e m\u016f\u017eeme \u0159\u00edci, \u017ee pomoc\u00ed energie dechu, se nau\u010d\u00edme ovl\u00e1dat, stabilizovat a p\u016fsobit na sv\u00e9 t\u011blo zevnit\u0159 i vn\u011b.<\/p>\n<p>Dalo by se o tom ps\u00e1t dlouho a napsat mnoho. Ale mysl\u00edm, \u017ee je lep\u0161\u00ed si to vyzkou\u0161et, a kdy\u017e to je kolem n\u00e1s, tak se to nau\u010dit pou\u017e\u00edvat. Jdete do toho se mnou ?<\/p>\n","protected":false},"excerpt":{"rendered":"<p>Historie energetick\u00fdch cvi\u010den\u00ed Vznik energetick\u00fdch cvi\u010den\u00ed ( \u010d\u00ednsky qigong ) m\u00e1 opravdu tis\u00edciletou tradici. By\u0165 zde uv\u00e1d\u00edm \u010d\u00ednsk\u00fd n\u00e1zev Qigong, mus\u00edm zm\u00ednit, \u017ee to ov\u0161em nebyla jen v\u00fdsada v\u00fdchodn\u00edch kultur. Pr\u00e1ci s\u00a0energiemi v\u00edce \u010di m\u00e9n\u011b vyu\u017e\u00edvali t\u00e9m\u011b\u0159 v\u0161echny n\u00e1rody sv\u011bta. Od amazonsk\u00fdch indi\u00e1n\u016f, p\u0159es \u0161amany, indi\u00e1ny severn\u00ed Ameriky ( Inkov\u00e9, Azt\u00e9kov\u00e9, \u0160o\u0161oni, Navajov\u00e9, Lakotov\u00e9, \u0160\u00f3niov\u00e9, [&hellip;]<\/p>\n","protected":false},"author":1,"featured_media":0,"parent":0,"menu_order":0,"comment_status":"open","ping_status":"open","template":"page-full-width.php","meta":[],"_links":{"self":[{"href":"https:\/\/www.energiestromu.cz\/index.php?rest_route=\/wp\/v2\/pages\/20"}],"collection":[{"href":"https:\/\/www.energiestromu.cz\/index.php?rest_route=\/wp\/v2\/pages"}],"about":[{"href":"https:\/\/www.energiestromu.cz\/index.php?rest_route=\/wp\/v2\/types\/page"}],"author":[{"embeddable":true,"href":"https:\/\/www.energiestromu.cz\/index.php?rest_route=\/wp\/v2\/users\/1"}],"replies":[{"embeddable":true,"href":"https:\/\/www.energiestromu.cz\/index.php?rest_route=%2Fwp%2Fv2%2Fcomments&post=20"}],"version-history":[{"count":6,"href":"https:\/\/www.energiestromu.cz\/index.php?rest_route=\/wp\/v2\/pages\/20\/revisions"}],"predecessor-version":[{"id":285,"href":"https:\/\/www.energiestromu.cz\/index.php?rest_route=\/wp\/v2\/pages\/20\/revisions\/285"}],"wp:attachment":[{"href":"https:\/\/www.energiestromu.cz\/index.php?rest_route=%2Fwp%2Fv2%2Fmedia&parent=20"}],"curies":[{"name":"wp","href":"https:\/\/api.w.org\/{rel}","templated":true}]}}