{"id":137,"date":"2014-05-28T08:03:44","date_gmt":"2014-05-28T06:03:44","guid":{"rendered":"http:\/\/www.energiestromu.cz\/?page_id=137"},"modified":"2014-05-28T08:03:44","modified_gmt":"2014-05-28T06:03:44","slug":"cerny-bez","status":"publish","type":"page","link":"https:\/\/www.energiestromu.cz\/?page_id=137","title":{"rendered":"\u010cern\u00fd bez"},"content":{"rendered":"<p style=\"text-align: justify;\">Omlazuje du\u0161i i t\u011blo. M\u00e1 velmi r\u00e1d p\u0159\u00edtomnost lidsk\u00fdch bytost\u00ed. Dod\u00e1v\u00e1 energi\u010dnost, chu\u0165 do \u017eivota a \u017eivotn\u00ed s\u00edlu. Symbolizuje \u017eivot, l\u00e1sku i smrt. \u010cern\u00fd bez posiluje \u017eivotn\u00ed optimismus, p\u016fsob\u00ed jako studna ml\u00e1d\u00ed. Jako strom, m\u00e1 neoby\u010dejn\u011b siln\u00e9 vyza\u0159ov\u00e1n\u00ed energie.<\/p>\n<p style=\"text-align: justify;\">\u00a0Keltov\u00e9 v\u011b\u0159ili, \u017ee v\u00a0dny, kdy sv\u011bt za\u010dal b\u00fdt \u0161patn\u00fd a\u00a0zl\u00fd, v\u00edly lesa se ukryly pr\u00e1v\u011b do bezu. Proto m\u00e1 bez t\u00e9m\u011b\u0159 bo\u017esk\u00e9 schopnosti. Traduje se mezi n\u011bkter\u00fdmi k\u0159es\u0165any, \u017ee kdy\u017e byl uk\u0159i\u017eov\u00e1n Je\u017e\u00ed\u0161 na k\u0159\u00ed\u017ei, byl \u00fadajn\u011b k\u0159\u00ed\u017e vyroben pr\u00e1v\u011b z\u00a0bezov\u00e9ho d\u0159eva. T\u00e9\u017e jeho \u201ezr\u00e1dce\u201c Jid\u00e1\u0161 I\u0161kariotsk\u00fd, se pozd\u011bji ob\u011bsil pr\u00e1v\u011b na bezov\u00e9m stromu. Ani Jan K\u0159titel nez\u016fstal pozadu, a pro Je\u017e\u00ed\u0161e p\u0159ipravil cestu\u2026.. Bez kvete pr\u00e1v\u011b na sv\u00e1tek Jana K\u0159titele. Bezov\u00e9 stromy se d\u0159\u00edve s\u00e1zely u dom\u016f pro \u0161\u0165astn\u00e9 man\u017eelstv\u00ed a bohatost \u00farody.<\/p>\n<p style=\"text-align: justify;\">Bylinn\u00e9 \u00fa\u010dinky :<\/p>\n<p style=\"text-align: justify;\">Jedn\u00e1 se o mnohostrannou l\u00e9\u010divou rostlinu. Bobule \u010dern\u00e9ho bezu posiluj\u00ed imunitn\u00ed syst\u00e9m a jsou mo\u010dopudn\u00e9. M\u00e1 dobr\u00fd \u00fa\u010dinek na j\u00e1tra, podporuje l\u00e1kovou v\u00fdm\u011bnu, je mo\u010dopudn\u00fd, je vhodn\u00fd p\u0159i probl\u00e9mech sleziny a p\u016fsob\u00ed dob\u0159e p\u0159i hojen\u00ed.V\u00a0l\u00e9\u010div\u00fdch schopnostech bezu se m\u00e1lo co vyrovn\u00e1. Proto bychom m\u011bli p\u0159ed n\u00edm s\u00a0pokorou pokleknout.<\/p>\n","protected":false},"excerpt":{"rendered":"<p>Omlazuje du\u0161i i t\u011blo. M\u00e1 velmi r\u00e1d p\u0159\u00edtomnost lidsk\u00fdch bytost\u00ed. Dod\u00e1v\u00e1 energi\u010dnost, chu\u0165 do \u017eivota a \u017eivotn\u00ed s\u00edlu. Symbolizuje \u017eivot, l\u00e1sku i smrt. \u010cern\u00fd bez posiluje \u017eivotn\u00ed optimismus, p\u016fsob\u00ed jako studna ml\u00e1d\u00ed. Jako strom, m\u00e1 neoby\u010dejn\u011b siln\u00e9 vyza\u0159ov\u00e1n\u00ed energie. \u00a0Keltov\u00e9 v\u011b\u0159ili, \u017ee v\u00a0dny, kdy sv\u011bt za\u010dal b\u00fdt \u0161patn\u00fd a\u00a0zl\u00fd, v\u00edly lesa se ukryly pr\u00e1v\u011b do [&hellip;]<\/p>\n","protected":false},"author":1,"featured_media":0,"parent":24,"menu_order":0,"comment_status":"closed","ping_status":"closed","template":"page-full-width.php","meta":[],"_links":{"self":[{"href":"https:\/\/www.energiestromu.cz\/index.php?rest_route=\/wp\/v2\/pages\/137"}],"collection":[{"href":"https:\/\/www.energiestromu.cz\/index.php?rest_route=\/wp\/v2\/pages"}],"about":[{"href":"https:\/\/www.energiestromu.cz\/index.php?rest_route=\/wp\/v2\/types\/page"}],"author":[{"embeddable":true,"href":"https:\/\/www.energiestromu.cz\/index.php?rest_route=\/wp\/v2\/users\/1"}],"replies":[{"embeddable":true,"href":"https:\/\/www.energiestromu.cz\/index.php?rest_route=%2Fwp%2Fv2%2Fcomments&post=137"}],"version-history":[{"count":1,"href":"https:\/\/www.energiestromu.cz\/index.php?rest_route=\/wp\/v2\/pages\/137\/revisions"}],"predecessor-version":[{"id":138,"href":"https:\/\/www.energiestromu.cz\/index.php?rest_route=\/wp\/v2\/pages\/137\/revisions\/138"}],"up":[{"embeddable":true,"href":"https:\/\/www.energiestromu.cz\/index.php?rest_route=\/wp\/v2\/pages\/24"}],"wp:attachment":[{"href":"https:\/\/www.energiestromu.cz\/index.php?rest_route=%2Fwp%2Fv2%2Fmedia&parent=137"}],"curies":[{"name":"wp","href":"https:\/\/api.w.org\/{rel}","templated":true}]}}