{"id":130,"date":"2014-05-28T07:58:48","date_gmt":"2014-05-28T05:58:48","guid":{"rendered":"http:\/\/www.energiestromu.cz\/?page_id=130"},"modified":"2014-05-30T12:53:12","modified_gmt":"2014-05-30T10:53:12","slug":"borovice","status":"publish","type":"page","link":"https:\/\/www.energiestromu.cz\/?page_id=130","title":{"rendered":"Borovice"},"content":{"rendered":"<p style=\"text-align: justify;\">Energetick\u00e9 vyza\u0159ov\u00e1n\u00ed borovice dod\u00e1v\u00e1 vitalitu a p\u016fsob\u00ed blahod\u00e1rn\u011b, posiluje zvl\u00e1\u0161t\u011b pr\u016fdu\u0161ky a pl\u00edce. P\u0159i astmatick\u00fdch pot\u00ed\u017e\u00edch, ka\u0161li nebo bronchitid\u011b, je borovice mimo\u0159\u00e1dn\u011b prosp\u011b\u0161n\u00e1. Je vhodn\u00e1 i pro ku\u0159\u00e1ky z preventivn\u00edho hlediska. M\u00e1te-li \u017ealude\u010dn\u00ed v\u0159edy podm\u00edn\u011bn\u00e9 stresem, je pro n\u00e1s velmi dobr\u00fdm p\u0159\u00edtelem. T\u00e9\u017e velmi vhodn\u00e1 pro r\u00fdmu. U borovice je t\u00e9\u017e nezanedbateln\u00fd vliv v\u00a0jej\u00ed l\u00e9\u010debn\u00e9 ko\u0159en\u011bn\u00e9 v\u016fni &#8211; jehli\u010d\u00ed. Pozor, borovice v\u0161ak v\u00a0\u010dlov\u011bku napom\u00e1h\u00e1 k\u00a0opatrnosti. Dlouhodob\u00e1 pr\u00e1ce s\u00a0jej\u00ed energi\u00ed ( n\u011bkolik m\u011bs\u00edc\u016f ), m\u016f\u017ee v\u00e9st k\u00a0p\u0159\u00edli\u0161n\u00e9 opatrnosti. Na druhou stranu napom\u00e1h\u00e1 pe\u010dlivosti a pilnosti, co\u017e je velmi vhodn\u00e9 u rozt\u011bkan\u00fdch d\u011bt\u00ed. Celkov\u011b uklid\u0148uje nervy \u010dlov\u011bka, a p\u0159in\u00e1\u0161\u00ed n\u00e1m pom\u011brn\u011b rychle vylad\u011bn\u00ed na\u0161\u00ed vnit\u0159n\u00ed rovnov\u00e1hy.<\/p>\n<p style=\"text-align: justify;\">Z prysky\u0159ice borovic poch\u00e1z\u00ed jantar, naz\u00fdvan\u00fd t\u00e9\u017e slune\u010dn\u00ed k\u00e1men, zkamen\u011bl\u00e9 slzy borovice \u010di zlato severu. Ve star\u00e9m \u0158\u00edm\u011b m\u011bla ozdoba z jantaru cenu otroka.<\/p>\n<p style=\"text-align: justify;\">Nej\u010dist\u0161\u00ed vzduch m\u016f\u017eeme d\u00fdchat v borov\u00e9m lese. Jestli\u017ee v m\u011bstsk\u00e9m prost\u0159ed\u00ed vzduch obsahuje v\u00edce ne\u017e 30 000 bakteri\u00ed v krychlov\u00e9m metru, m\u016f\u017eeme borov\u00fd les s obsahem 200 &#8211; 300 bakteri\u00ed ve stejn\u00e9m objemu vzduch pova\u017eovat za steriln\u00ed. Zasluhuj\u00ed se o to \u00e9terick\u00e9 oleje a prysky\u0159ice v borov\u00e9m jehli\u010d\u00ed.<\/p>\n<p style=\"text-align: justify;\">Bylinn\u00e9 \u00fa\u010dinky :<\/p>\n<p style=\"text-align: justify;\">Borovice byla d\u0159\u00edve tak\u00e9 naz\u00fdv\u00e1na \u201emedicinmanem\u201c mezi ostatn\u00edmi stromy. Borovice p\u016fsob\u00ed protiz\u00e1n\u011btliv\u00e9, usnad\u0148uje odka\u0161l\u00e1v\u00e1n\u00ed, p\u0159i zevn\u00edm pou\u017eit\u00ed zvy\u0161uje prokrven\u00ed poko\u017eky. Vnit\u0159n\u011b se borovice pou\u017e\u00edv\u00e1 p\u0159i bronchi\u00e1ln\u00edm astmatu na podporu odhle\u0148ov\u00e1n\u00ed, nebo p\u0159i nachlazen\u00ed \u010di jin\u00fdch chorob\u00e1ch d\u00fdchac\u00edch cest. Tak\u00e9 se osv\u011bd\u010dila p\u0159i revmatismu a r\u016fzn\u00fdch ko\u017en\u00edch vyr\u00e1\u017ek\u00e1ch. V\u00a0neposledn\u00ed \u0159ad\u011b se pou\u017e\u00edv\u00e1 do sm\u011bs\u00ed do koupele.<\/p>\n","protected":false},"excerpt":{"rendered":"<p>Energetick\u00e9 vyza\u0159ov\u00e1n\u00ed borovice dod\u00e1v\u00e1 vitalitu a p\u016fsob\u00ed blahod\u00e1rn\u011b, posiluje zvl\u00e1\u0161t\u011b pr\u016fdu\u0161ky a pl\u00edce. P\u0159i astmatick\u00fdch pot\u00ed\u017e\u00edch, ka\u0161li nebo bronchitid\u011b, je borovice mimo\u0159\u00e1dn\u011b prosp\u011b\u0161n\u00e1. Je vhodn\u00e1 i pro ku\u0159\u00e1ky z preventivn\u00edho hlediska. M\u00e1te-li \u017ealude\u010dn\u00ed v\u0159edy podm\u00edn\u011bn\u00e9 stresem, je pro n\u00e1s velmi dobr\u00fdm p\u0159\u00edtelem. T\u00e9\u017e velmi vhodn\u00e1 pro r\u00fdmu. U borovice je t\u00e9\u017e nezanedbateln\u00fd vliv v\u00a0jej\u00ed l\u00e9\u010debn\u00e9 [&hellip;]<\/p>\n","protected":false},"author":1,"featured_media":364,"parent":24,"menu_order":0,"comment_status":"closed","ping_status":"closed","template":"page-full-width.php","meta":[],"_links":{"self":[{"href":"https:\/\/www.energiestromu.cz\/index.php?rest_route=\/wp\/v2\/pages\/130"}],"collection":[{"href":"https:\/\/www.energiestromu.cz\/index.php?rest_route=\/wp\/v2\/pages"}],"about":[{"href":"https:\/\/www.energiestromu.cz\/index.php?rest_route=\/wp\/v2\/types\/page"}],"author":[{"embeddable":true,"href":"https:\/\/www.energiestromu.cz\/index.php?rest_route=\/wp\/v2\/users\/1"}],"replies":[{"embeddable":true,"href":"https:\/\/www.energiestromu.cz\/index.php?rest_route=%2Fwp%2Fv2%2Fcomments&post=130"}],"version-history":[{"count":2,"href":"https:\/\/www.energiestromu.cz\/index.php?rest_route=\/wp\/v2\/pages\/130\/revisions"}],"predecessor-version":[{"id":134,"href":"https:\/\/www.energiestromu.cz\/index.php?rest_route=\/wp\/v2\/pages\/130\/revisions\/134"}],"up":[{"embeddable":true,"href":"https:\/\/www.energiestromu.cz\/index.php?rest_route=\/wp\/v2\/pages\/24"}],"wp:featuredmedia":[{"embeddable":true,"href":"https:\/\/www.energiestromu.cz\/index.php?rest_route=\/wp\/v2\/media\/364"}],"wp:attachment":[{"href":"https:\/\/www.energiestromu.cz\/index.php?rest_route=%2Fwp%2Fv2%2Fmedia&parent=130"}],"curies":[{"name":"wp","href":"https:\/\/api.w.org\/{rel}","templated":true}]}}